{"id":5254,"date":"2025-04-28T06:44:14","date_gmt":"2025-04-28T06:44:14","guid":{"rendered":"https:\/\/galmvs.ro\/wp\/?page_id=5254"},"modified":"2025-04-28T07:10:34","modified_gmt":"2025-04-28T07:10:34","slug":"animarea-teritoriului-trimestrul-2","status":"publish","type":"page","link":"https:\/\/galmvs.ro\/wp\/animarea-teritoriului-trimestrul-2\/","title":{"rendered":"ANIMAREA TERITORIULUI TRIMESTRUL 2"},"content":{"rendered":"<p>POSTAT \u00een data de 21 FEBRUARIE<\/p>\n<p>Descoper\u0103 \u0219i dezvolt\u0103 puncte gastronomice \u00een zona montan\u0103 cu GAL MVS!<br \/>\nDac\u0103 \u00ee\u021bi dore\u0219ti s\u0103 deschizi un Punct Gastronomic Local (PGL) sau s\u0103<br \/>\n\u00ee\u021bi dotezi deja afacerea existent\u0103, GAL Microregiunea Valea S\u00e2mbetei<br \/>\nare solu\u021bii pentru tine!<br \/>\nSprijin pentru \u00eenfiin\u021barea \u0219i dotarea PGL-urilor &#8211; \u00cen cadrul<br \/>\nstrategiei GAL, am sus\u021binut deja deschiderea de puncte gastronomice,<br \/>\ncontribuind la dezvoltarea turismului local \u0219i promovarea tradi\u021biilor<br \/>\nculinare ale zonei.<br \/>\nAgen\u021bia Na\u021bional\u0103 a Zonei Montane a realizat Harta Punctelor<br \/>\nGastronomice pentru a ajuta turi\u0219tii s\u0103 descopere locuri autentice,<br \/>\nunde pot savura preparate tradi\u021bionale montane.<br \/>\n<a href=\"https:\/\/infopgl.ro\/en\/?view=map&amp;id=3&amp;externalmarkerlink=1\" target=\"_blank\" rel=\"noopener noreferrer\" data-saferedirecturl=\"https:\/\/www.google.com\/url?q=https:\/\/infopgl.ro\/en\/?view%3Dmap%26id%3D3%26externalmarkerlink%3D1&amp;source=gmail&amp;ust=1745909851144000&amp;usg=AOvVaw1Dz6lMLEDkHp9-X7x62-qV\">https:\/\/infopgl.ro\/en\/?view=ma<wbr \/>p&amp;id=3&amp;externalmarkerlink=1<\/a><br \/>\nVrei s\u0103 descoperi un PGL? Sau poate vrei s\u0103 \u00eenfiin\u021bezi sau s\u0103 \u00ee\u021bi dotezi un PGL?<br \/>\nAvem m\u0103suri de finan\u021bare pentru tine, iar echipa GAL MVS te poate<br \/>\nghida pas cu pas \u00een procesul de aplicare!<\/p>\n<p>POSTAT \u00een data de 28 FEBRUARIE<br \/>\n<a href=\"https:\/\/www.rrn-pac.eu\/media\/4841-parerea-ta-conteaza-completeaza-chestionarul-evaluarea-strategiilor-de-reinnoire-generationala-in-statele-membre-ale-ue.html\" target=\"_blank\" rel=\"noopener noreferrer\" data-saferedirecturl=\"https:\/\/www.google.com\/url?q=https:\/\/www.rrn-pac.eu\/media\/4841-parerea-ta-conteaza-completeaza-chestionarul-evaluarea-strategiilor-de-reinnoire-generationala-in-statele-membre-ale-ue.html&amp;source=gmail&amp;ust=1745909794797000&amp;usg=AOvVaw290FwXXVBOlnbxVk7z8pWa\">https:\/\/www.rrn-pac.eu\/media\/4<wbr \/>841-parerea-ta-conteaza-comple<wbr \/>teaza-chestionarul-evaluarea-<wbr \/>strategiilor-de-reinnoire-<wbr \/>generationala-in-statele-<wbr \/>membre-ale-ue.html<\/a><\/p>\n<p>POSTAT \u00een data de 31 IANUARIE<\/p>\n<p>Oportunitate de Finan\u021bare \u2013<br \/>\nProgramul Strategic PAC 2023-2027<br \/>\nProiectul se desf\u0103\u0219oar\u0103 \u00een cadrul M\u0103surii DR-36-LEADER, finan\u021bat\u0103 prin<br \/>\nAFIR, av\u00e2nd ca scop promovarea unei colabor\u0103ri eficiente \u00eentre toate<br \/>\np\u0103r\u021bile interesate \u0219i sprijinirea dezvolt\u0103rii infrastructurii \u0219i<br \/>\nserviciilor publice la scar\u0103 mic\u0103.<br \/>\nCine poate beneficia?<br \/>\n\u2022 Autorit\u0103\u021bi publice locale<br \/>\n\u2022 Asocia\u021bii de Dezvoltare Intercomunitar\u0103<br \/>\nCe po\u021bi finan\u021ba?<br \/>\nInfrastructur\u0103 public\u0103:<br \/>\n\u2022 Cl\u0103diri publice (ex.: prim\u0103rii, centre culturale, centre sportive)<br \/>\n\u2022 Unit\u0103\u021bi de cult (biserici, capele, case de rug\u0103ciune)<br \/>\nServicii comunitare:<br \/>\n\u2022 Centre de facilit\u0103\u021bi pentru comunitate<br \/>\n\u2022 Parcuri, locuri de joac\u0103, piste de biciclete<br \/>\nServicii publice:<br \/>\n\u2022 Cur\u0103\u021benie, desz\u0103pezire, situa\u021bii de urgen\u021b\u0103<br \/>\nObiectiv: Reducerea decalajului dintre zonele rurale \u0219i urbane prin<br \/>\ndezvoltarea unei infrastructuri moderne \u0219i sustenabile.<br \/>\nCum po\u021bi aplica?<br \/>\nPentru mai multe detalii \u0219i depunerea proiectelor, contacteaz\u0103-ne la:<br \/>\nLoca\u021bie: C\u0103minul Cultural, Dr\u0103gu\u0219, 477, Bra\u0219ov<br \/>\nE-mail:\u00a0<a href=\"mailto:galmvs@galmvs.ro\" target=\"_blank\" rel=\"noopener\">galmvs@galmvs.ro<\/a>\u00a0\/\u00a0<a href=\"mailto:mvsgal@gmail.com\" target=\"_blank\" rel=\"noopener\">mvsgal@gmail.com<\/a><br \/>\n\u00cencuraj\u0103m colaborarea pentru o dezvoltare echilibrat\u0103 \u0219i sustenabil\u0103!<\/p>\n<p><a href=\"https:\/\/galmvs.ro\/wp\/wp-content\/uploads\/2025\/04\/Anunt-intalnire-Comuna-Beclean-19.03.2025.pdf\">Anun\u021b \u00eentalnire Comuna Beclean &#8211; 19.03.2025<\/a><\/p>\n<p><a href=\"https:\/\/galmvs.ro\/wp\/wp-content\/uploads\/2025\/04\/Anunt-intalnire-Comuna-Cincu-18.03.2025.pdf\">Anun\u021b \u00eentalnire Comuna Cincu &#8211; 18.03.2025<\/a><\/p>\n<p><a href=\"https:\/\/galmvs.ro\/wp\/wp-content\/uploads\/2025\/04\/Anunt-intalnire-Comuna-Dragus-25.03.2025.pdf\">Anun\u021b \u00eentalnire Comuna Dr\u0103gu\u0219 &#8211; 25.03.2025<\/a><\/p>\n<p><a href=\"https:\/\/galmvs.ro\/wp\/wp-content\/uploads\/2025\/04\/Anunt-intalnire-Comuna-Lisa-17.03.2025.pdf\">Anun\u021b \u00eentalnire Comuna Lisa &#8211; 17.03.2025<\/a><\/p>\n<p><a href=\"https:\/\/galmvs.ro\/wp\/wp-content\/uploads\/2025\/04\/Anunt-intalnire-Comuna-Recea-17.03.2025.pdf\">Anun\u021b \u00eentalnire Comuna Recea &#8211; 17.03.2025<\/a><\/p>\n<p><a href=\"https:\/\/galmvs.ro\/wp\/wp-content\/uploads\/2025\/04\/Anunt-intalnire-Comuna-Sambata-de-Sus-25.03.2025.pdf\">Anun\u021b \u00eentalnire Comuna S\u00e2mb\u0103ta de Sus &#8211; 25.03.2025<\/a><\/p>\n<p><a href=\"https:\/\/galmvs.ro\/wp\/wp-content\/uploads\/2025\/04\/Anunt-intalnire-Comuna-Soars-19.03.2025.pdf\">Anun\u021b \u00eentalnire Comuna \u0218oar\u0219 &#8211; 19.03.2025<\/a><\/p>\n<p><a href=\"https:\/\/galmvs.ro\/wp\/wp-content\/uploads\/2025\/04\/Anunt-intalnire-Comuna-Ucea-24.03.2025.pdf\">Anun\u021b \u00eentalnire Comuna Ucea &#8211; 24.03.2025<\/a><\/p>\n<p><a href=\"https:\/\/galmvs.ro\/wp\/wp-content\/uploads\/2025\/04\/Anunt-intalnire-Comuna-Vistea-24.03.2025.pdf\">Anun\u021b \u00eentalnire Comuna Vi\u0219tea &#8211; 24.03.2025<\/a><\/p>\n<p><a href=\"https:\/\/galmvs.ro\/wp\/wp-content\/uploads\/2025\/04\/Anunt-intalnire-Comuna-Voila-18.03.2025.pdf\">Anun\u021b \u00eentalnire Comuna Voila &#8211; 18.03.2025<\/a><\/p>\n<p><a href=\"https:\/\/galmvs.ro\/wp\/wp-content\/uploads\/2025\/04\/Anunt-intalnire-Oras-Victoria-26.03.2025.pdf\">Anun\u021b \u00eentalnire Ora\u0219 Victoria &#8211; 26.03.2025<\/a><\/p>\n","protected":false},"excerpt":{"rendered":"<p>POSTAT \u00een data de 21 FEBRUARIE Descoper\u0103 \u0219i dezvolt\u0103 puncte gastronomice \u00een zona montan\u0103 cu GAL MVS! Dac\u0103 \u00ee\u021bi dore\u0219ti s\u0103 deschizi un Punct Gastronomic Local (PGL) sau s\u0103 \u00ee\u021bi dotezi deja afacerea existent\u0103, GAL Microregiunea Valea S\u00e2mbetei are solu\u021bii &hellip;<\/p>\n<div class=\"read_more\"><a href=\"https:\/\/galmvs.ro\/wp\/animarea-teritoriului-trimestrul-2\/\">read more<\/a><\/div>\n","protected":false},"author":1,"featured_media":0,"parent":0,"menu_order":0,"comment_status":"closed","ping_status":"closed","template":"","meta":[],"_links":{"self":[{"href":"https:\/\/galmvs.ro\/wp\/wp-json\/wp\/v2\/pages\/5254"}],"collection":[{"href":"https:\/\/galmvs.ro\/wp\/wp-json\/wp\/v2\/pages"}],"about":[{"href":"https:\/\/galmvs.ro\/wp\/wp-json\/wp\/v2\/types\/page"}],"author":[{"embeddable":true,"href":"https:\/\/galmvs.ro\/wp\/wp-json\/wp\/v2\/users\/1"}],"replies":[{"embeddable":true,"href":"https:\/\/galmvs.ro\/wp\/wp-json\/wp\/v2\/comments?post=5254"}],"version-history":[{"count":5,"href":"https:\/\/galmvs.ro\/wp\/wp-json\/wp\/v2\/pages\/5254\/revisions"}],"predecessor-version":[{"id":5271,"href":"https:\/\/galmvs.ro\/wp\/wp-json\/wp\/v2\/pages\/5254\/revisions\/5271"}],"wp:attachment":[{"href":"https:\/\/galmvs.ro\/wp\/wp-json\/wp\/v2\/media?parent=5254"}],"curies":[{"name":"wp","href":"https:\/\/api.w.org\/{rel}","templated":true}]}}