{"id":5131,"date":"2025-01-13T10:09:57","date_gmt":"2025-01-13T10:09:57","guid":{"rendered":"https:\/\/galmvs.ro\/wp\/?page_id=5131"},"modified":"2025-09-05T08:03:32","modified_gmt":"2025-09-05T08:03:32","slug":"program-de-lucru-date-de-contact","status":"publish","type":"page","link":"https:\/\/galmvs.ro\/wp\/program-de-lucru-date-de-contact\/","title":{"rendered":"Program de lucru\/ Date de contact"},"content":{"rendered":"\r\n<p><strong>Grupul de Ac\u021biune Local\u0103 Microregiunea Valea S\u00e2mbetei<\/strong><\/p>\r\n\r\n\r\n\r\n<p><strong>Sediul <\/strong>:<br \/>Str. Principala, nr. 477, sat Dr\u0103gu\u0219, comuna Dr\u0103gu\u0219, jude\u021bul Bra\u0219ov<br \/>Tel: 0268\/286.701<\/p>\r\n\r\n\r\n<hr class=\"wp-block-separator\" \/>\r\n\r\n\r\n<p><strong>\u00a0Program de lucru <\/strong>: luni &#8211; joi 10.00 \u2013 14.00, vineri 08.00-12.00<\/p>\r\n<p>&nbsp;<\/p>\r\n\r\n\r\n\r\n<p><span style=\"text-decoration: underline;\">Date de contact:<\/span><\/p>\r\n\r\n\r\n\r\n<p>FOGORO\u0218 CRISTINA PETRONELA &#8211; Manager proiect &#8211; 0784\/213.609<\/p>\r\n\r\n\r\n\r\n<p>FUCIU IOANA ELIZA &#8211; Contabil \u0219ef &#8211; 0751\/388.273<\/p>\r\n\r\n\r\n\r\n<p>NEAM\u021aU CRISTINA ANTONELA &#8211; Expert monitorizare \u0219i implementare proiecte &#8211; 0764\/477.294<\/p>\r\n\r\n\r\n\r\n<p>e-mail : galmvs@galmvs.ro<\/p>\r\n","protected":false},"excerpt":{"rendered":"<p>Grupul de Ac\u021biune Local\u0103 Microregiunea Valea S\u00e2mbetei Sediul :Str. Principala, nr. 477, sat Dr\u0103gu\u0219, comuna Dr\u0103gu\u0219, jude\u021bul Bra\u0219ovTel: 0268\/286.701 \u00a0Program de lucru : luni &#8211; joi 10.00 \u2013 14.00, vineri 08.00-12.00 &nbsp; Date de contact: FOGORO\u0218 CRISTINA PETRONELA &#8211; Manager &hellip;<\/p>\n<div class=\"read_more\"><a href=\"https:\/\/galmvs.ro\/wp\/program-de-lucru-date-de-contact\/\">read more<\/a><\/div>\n","protected":false},"author":1,"featured_media":0,"parent":0,"menu_order":0,"comment_status":"closed","ping_status":"closed","template":"","meta":[],"_links":{"self":[{"href":"https:\/\/galmvs.ro\/wp\/wp-json\/wp\/v2\/pages\/5131"}],"collection":[{"href":"https:\/\/galmvs.ro\/wp\/wp-json\/wp\/v2\/pages"}],"about":[{"href":"https:\/\/galmvs.ro\/wp\/wp-json\/wp\/v2\/types\/page"}],"author":[{"embeddable":true,"href":"https:\/\/galmvs.ro\/wp\/wp-json\/wp\/v2\/users\/1"}],"replies":[{"embeddable":true,"href":"https:\/\/galmvs.ro\/wp\/wp-json\/wp\/v2\/comments?post=5131"}],"version-history":[{"count":2,"href":"https:\/\/galmvs.ro\/wp\/wp-json\/wp\/v2\/pages\/5131\/revisions"}],"predecessor-version":[{"id":5436,"href":"https:\/\/galmvs.ro\/wp\/wp-json\/wp\/v2\/pages\/5131\/revisions\/5436"}],"wp:attachment":[{"href":"https:\/\/galmvs.ro\/wp\/wp-json\/wp\/v2\/media?parent=5131"}],"curies":[{"name":"wp","href":"https:\/\/api.w.org\/{rel}","templated":true}]}}