{"id":4920,"date":"2024-10-11T08:45:46","date_gmt":"2024-10-11T08:45:46","guid":{"rendered":"https:\/\/galmvs.ro\/wp\/?page_id=4920"},"modified":"2025-01-09T13:11:09","modified_gmt":"2025-01-09T13:11:09","slug":"acasa-smis-310409","status":"publish","type":"page","link":"https:\/\/galmvs.ro\/wp\/acasa-smis-310409\/","title":{"rendered":"Acasa \u2013 SMIS 310409"},"content":{"rendered":"\n<h1><img loading=\"lazy\" height=\"16\" width=\"16\" alt=\"\ud83c\udfaf\" src=\"https:\/\/static.xx.fbcdn.net\/images\/emoji.php\/v9\/tb0\/1\/16\/1f3af.png\">&nbsp;Sprijin pentru \u00eenfiin\u021barea de \u00eentreprinderi sociale \u00een mediul rural!<\/h1>\n\n\n\n<p><img loading=\"lazy\" height=\"16\" width=\"16\" alt=\"\ud83d\ude80\" src=\"https:\/\/static.xx.fbcdn.net\/images\/emoji.php\/v9\/tc6\/1\/16\/1f680.png\">Vrei s\u0103 contribui la dezvoltarea economiei sociale \u0219i s\u0103 faci parte dintr-un proiect care transform\u0103 comunit\u0103\u021bile rurale? <\/p>\n\n\n\n<p><img loading=\"lazy\" height=\"16\" width=\"16\" alt=\"\ud83d\udccd\" src=\"https:\/\/static.xx.fbcdn.net\/images\/emoji.php\/v9\/t2d\/1\/16\/1f4cd.png\">&nbsp;Regiuni rurale vizate: jude\u021bul Bra\u0219ov, jude\u021bul Sibiu, jude\u021bul Cluj, jude\u021bul Bistri\u021ba N\u0103s\u0103ud<\/p>\n\n\n\n<p><img loading=\"lazy\" height=\"16\" width=\"16\" alt=\"\ud83d\udc65\" src=\"https:\/\/static.xx.fbcdn.net\/images\/emoji.php\/v9\/t8b\/1\/16\/1f465.png\">Cine poate participa?<\/p>\n\n\n\n<p><br>1.&nbsp;&nbsp;&nbsp;&nbsp;persoane care doresc sa \u00eenfiin\u021beze \u00eentreprinderi sociale in mediul&nbsp;rural;<\/p>\n\n\n\n<p>2.&nbsp;&nbsp;&nbsp;&nbsp;persoane vulnerabile din mediul&nbsp;rural:<\/p>\n\n\n\n<p>            &#8211;&nbsp;persoane de etnie roma,<\/p>\n\n\n\n<p>            &#8211;&nbsp;femei,<\/p>\n\n\n\n<p>            &#8211;&nbsp;\u0219omeri,<\/p>\n\n\n\n<p>            &#8211;&nbsp;persoane inactive,<\/p>\n\n\n\n<p>            &#8211;&nbsp;persoane din grupuri dezavantajate pe pia\u021ba muncii,<\/p>\n\n\n\n<p><img loading=\"lazy\" height=\"16\" width=\"16\" alt=\"\ud83d\udca1\" src=\"https:\/\/static.xx.fbcdn.net\/images\/emoji.php\/v9\/t3c\/1\/16\/1f4a1.png\">&nbsp;Ce oferim?Sprijin financiar \u0219i tehnic pentru \u00eenfiin\u021barea de \u00eentreprinderi sociale<\/p>\n\n\n\n<p>Cursuri de formare profesional\u0103 \u0219i consiliere \u00een antreprenoriat social<\/p>\n\n\n\n<p>Subven\u021bii \u0219i mentorat pentru a-\u021bi pune \u00een practic\u0103 ideile de afaceri<\/p>\n\n\n\n<p>Finan\u021bare de p\u00e2n\u0103 la 338.000 de lei (la care se adaug\u0103 cofinan\u021bare de 10%) pentru cele mai bune idei de afaceri!<\/p>\n\n\n\n<p><img loading=\"lazy\" height=\"16\" width=\"16\" alt=\"\u2757\" src=\"https:\/\/static.xx.fbcdn.net\/images\/emoji.php\/v9\/t50\/1\/16\/2757.png\">&nbsp;Cum te po\u021bi \u00eenscrie?<\/p>\n\n\n\n<p>Contacteaz\u0103-ne acum la:<\/p>\n\n\n\n<p><img loading=\"lazy\" height=\"16\" width=\"16\" alt=\"\ud83d\udce7\" src=\"https:\/\/static.xx.fbcdn.net\/images\/emoji.php\/v9\/tbe\/1\/16\/1f4e7.png\">&nbsp;Email: galmvs@galmvs.ro<\/p>\n\n\n\n<p><img loading=\"lazy\" height=\"16\" width=\"16\" alt=\"\ud83d\udcde\" src=\"https:\/\/static.xx.fbcdn.net\/images\/emoji.php\/v9\/t4d\/1\/16\/1f4de.png\">&nbsp;Telefon: 0784213609 (Fogoros Cristina \u2013 Manager proiect)<\/p>\n\n\n\n<p><img loading=\"lazy\" height=\"16\" width=\"16\" alt=\"\ud83d\udcde\" src=\"https:\/\/static.xx.fbcdn.net\/images\/emoji.php\/v9\/t4d\/1\/16\/1f4de.png\">&nbsp;Telefon: 0764.477.294 (Neamtu Cristina \u2013 Expert grup \u021bint\u0103, GAL MVS)<\/p>\n\n\n\n<p><img loading=\"lazy\" height=\"16\" width=\"16\" alt=\"\ud83d\udcde\" src=\"https:\/\/static.xx.fbcdn.net\/images\/emoji.php\/v9\/t4d\/1\/16\/1f4de.png\">&nbsp;Telefon: 0745.592.531 ( Simion Andreea Ioana \u2013 Expert grup \u021bint\u0103, CIT IRECSON)<\/p>\n\n\n\n<p><img loading=\"lazy\" height=\"16\" width=\"16\" alt=\"\ud83d\udcde\" src=\"https:\/\/static.xx.fbcdn.net\/images\/emoji.php\/v9\/t4d\/1\/16\/1f4de.png\">&nbsp;Telefon: 0773.788.612 (Iosif Bianca \u2013 Expert grup \u021bint\u0103, ASOCIA\u021aIA PROSOCIAL)<\/p>\n\n\n\n<p><img loading=\"lazy\" height=\"16\" width=\"16\" alt=\"\ud83d\udcde\" src=\"https:\/\/static.xx.fbcdn.net\/images\/emoji.php\/v9\/t4d\/1\/16\/1f4de.png\">&nbsp;Telefon: 0751.388.273 (Fuciu Ioana Eliza \u2013 Responsabil Financiar GAL MVS)<\/p>\n\n\n\n<p>Nu rata aceast\u0103 oportunitate de a transforma ideile tale \u00eentr-o afacere social\u0103 de succes!\u00a0<img loading=\"lazy\" height=\"16\" width=\"16\" alt=\"\ud83d\udcbc\" src=\"https:\/\/static.xx.fbcdn.net\/images\/emoji.php\/v9\/td\/1\/16\/1f4bc.png\"><img loading=\"lazy\" height=\"16\" width=\"16\" alt=\"\u2728\" src=\"https:\/\/static.xx.fbcdn.net\/images\/emoji.php\/v9\/tf4\/1\/16\/2728.png\"><\/p>\n\n\n\n<p><strong>Birou online\u00a0<\/strong>accesibil aici :<a href=\"https:\/\/forms.gle\/qYoK5bERuMbtJwsj7\">https:\/\/forms.gle\/qYoK5bERuMbtJwsj7<\/a><\/p>\n\n\n\n<p>R\u0103spunde la \u00eentreb\u0103rile legate de interesul t\u0103u \u0219i informa\u021biile personale<\/p>\n","protected":false},"excerpt":{"rendered":"<a href=\"https:\/\/galmvs.ro\/wp\/acasa-smis-310409\/\" style=\"background-image: url(https:\/\/static.xx.fbcdn.net\/images\/emoji.php\/v9\/tb0\/1\/16\/1f3af.png);\" class=\"thumb_crop\">https:\/\/static.xx.fbcdn.net\/images\/emoji.php\/v9\/tb0\/1\/16\/1f3af.png<\/a><p>&nbsp;Sprijin pentru \u00eenfiin\u021barea de \u00eentreprinderi sociale \u00een mediul rural! Vrei s\u0103 contribui la dezvoltarea economiei sociale \u0219i s\u0103 faci parte dintr-un proiect care transform\u0103 comunit\u0103\u021bile rurale? &nbsp;Regiuni rurale vizate: jude\u021bul Bra\u0219ov, jude\u021bul Sibiu, jude\u021bul Cluj, jude\u021bul Bistri\u021ba N\u0103s\u0103ud Cine poate &hellip;<\/p>\n<div class=\"read_more\"><a href=\"https:\/\/galmvs.ro\/wp\/acasa-smis-310409\/\">read more<\/a><\/div>\n","protected":false},"author":1,"featured_media":0,"parent":0,"menu_order":0,"comment_status":"closed","ping_status":"closed","template":"","meta":[],"_links":{"self":[{"href":"https:\/\/galmvs.ro\/wp\/wp-json\/wp\/v2\/pages\/4920"}],"collection":[{"href":"https:\/\/galmvs.ro\/wp\/wp-json\/wp\/v2\/pages"}],"about":[{"href":"https:\/\/galmvs.ro\/wp\/wp-json\/wp\/v2\/types\/page"}],"author":[{"embeddable":true,"href":"https:\/\/galmvs.ro\/wp\/wp-json\/wp\/v2\/users\/1"}],"replies":[{"embeddable":true,"href":"https:\/\/galmvs.ro\/wp\/wp-json\/wp\/v2\/comments?post=4920"}],"version-history":[{"count":3,"href":"https:\/\/galmvs.ro\/wp\/wp-json\/wp\/v2\/pages\/4920\/revisions"}],"predecessor-version":[{"id":5313,"href":"https:\/\/galmvs.ro\/wp\/wp-json\/wp\/v2\/pages\/4920\/revisions\/5313"}],"wp:attachment":[{"href":"https:\/\/galmvs.ro\/wp\/wp-json\/wp\/v2\/media?parent=4920"}],"curies":[{"name":"wp","href":"https:\/\/api.w.org\/{rel}","templated":true}]}}