{"id":4887,"date":"2024-09-11T09:04:10","date_gmt":"2024-09-11T09:04:10","guid":{"rendered":"https:\/\/galmvs.ro\/wp\/?page_id=4887"},"modified":"2025-06-05T07:20:48","modified_gmt":"2025-06-05T07:20:48","slug":"inscriere-smis-316170","status":"publish","type":"page","link":"https:\/\/galmvs.ro\/wp\/inscriere-smis-316170\/","title":{"rendered":"\u00censcriere curs \u201dAntreprenor \u00een econimie social\u0103) &#8211; SMIS 316170"},"content":{"rendered":"\r\n<p><img loading=\"lazy\" src=\"https:\/\/static.xx.fbcdn.net\/images\/emoji.php\/v9\/tc6\/1\/16\/1f680.png\" alt=\"\ud83d\ude80\" width=\"16\" height=\"16\" \/> Particip\u0103 \u0219i Contribuie la Viitorul T\u0103u!<\/p>\r\n\r\n\r\n\r\n<p><img loading=\"lazy\" src=\"https:\/\/static.xx.fbcdn.net\/images\/emoji.php\/v9\/tc6\/1\/16\/1f680.png\" alt=\"\ud83d\ude80\" width=\"16\" height=\"16\" \/>Visezi s\u0103 \u00ee\u021bi transformi ideea de afacere \u00een realitate?<\/p>\r\n\r\n\r\n\r\n<p><img loading=\"lazy\" src=\"https:\/\/static.xx.fbcdn.net\/images\/emoji.php\/v9\/tbe\/1\/16\/1f3c6.png\" alt=\"\ud83c\udfc6\" width=\"16\" height=\"16\" \/> Ai ocazia s\u0103 beneficiezi de finan\u021bare \u0219i suport pentru dezvoltarea afacerii tale !<\/p>\r\n\r\n\r\n\r\n<p><img loading=\"lazy\" src=\"https:\/\/static.xx.fbcdn.net\/images\/emoji.php\/v9\/tb0\/1\/16\/1f3af.png\" alt=\"\ud83c\udfaf\" width=\"16\" height=\"16\" \/><img loading=\"lazy\" src=\"https:\/\/static.xx.fbcdn.net\/images\/emoji.php\/v9\/tc1\/1\/16\/1f50d.png\" alt=\"\ud83d\udd0d\" width=\"16\" height=\"16\" \/> Suntem \u00een c\u0103utarea celor mai bune idei de afaceri \u0219i te invit\u0103m s\u0103 completezi chestionarul nostru pentru a te \u00eenscrie la urm\u0103toarele sesiuni de informare \u0219i cursuri de antreprenoriat!<\/p>\r\n\r\n\r\n\r\n<p>De ce s\u0103 completezi chestionarul?<\/p>\r\n\r\n\r\n\r\n<p><img loading=\"lazy\" src=\"https:\/\/static.xx.fbcdn.net\/images\/emoji.php\/v9\/t33\/1\/16\/2705.png\" alt=\"\u2705\" width=\"16\" height=\"16\" \/> Finan\u021bare de p\u00e2n\u0103 la 490.000 lei pentru cele mai bune idei de afaceri<\/p>\r\n\r\n\r\n\r\n<p><img loading=\"lazy\" src=\"https:\/\/static.xx.fbcdn.net\/images\/emoji.php\/v9\/t33\/1\/16\/2705.png\" alt=\"\u2705\" width=\"16\" height=\"16\" \/> Subven\u021bie de 900 lei dup\u0103 finalizarea cursului de antreprenoriat<\/p>\r\n\r\n\r\n\r\n<p><img loading=\"lazy\" src=\"https:\/\/static.xx.fbcdn.net\/images\/emoji.php\/v9\/t33\/1\/16\/2705.png\" alt=\"\u2705\" width=\"16\" height=\"16\" \/> Acces la sesiuni de informare despre economia social\u0103 urban\u0103<\/p>\r\n\r\n\r\n\r\n<p><img loading=\"lazy\" src=\"https:\/\/static.xx.fbcdn.net\/images\/emoji.php\/v9\/t33\/1\/16\/2705.png\" alt=\"\u2705\" width=\"16\" height=\"16\" \/> Op\u021biuni flexibile pentru participare, at\u00e2t fizic c\u00e2t \u0219i on-line<\/p>\r\n\r\n\r\n\r\n<p>Cum po\u021bi participa?<\/p>\r\n\r\n\r\n\r\n<p><strong>Birou online <\/strong>accesibil aici :<a href=\"https:\/\/forms.gle\/bXoTjcvqU8XmdrZk7?fbclid=IwZXh0bgNhZW0CMTAAAR0j5GVKiBp3BDSaNQymcZiVlMrxYc-wtLazRZYZj3GW0Ayj4iy1UxEmRAA_aem_nRoxh876Dk3L8FN8dN_dXQ\" target=\"_blank\" rel=\"noreferrer noopener\">https:\/\/forms.gle\/bXoTjcvqU8XmdrZk7<\/a> R\u0103spunde la \u00eentreb\u0103rile legate de interesul t\u0103u \u0219i informa\u021biile personale<\/p>\r\n<p><a href=\"https:\/\/galmvs.ro\/wp\/wp-content\/uploads\/2025\/06\/Metodologie-selectie-grup-tinta-316170-actualizata.pdf\">Metodologie selectie grup tinta &#8211; 316170<\/a><\/p>\r\n","protected":false},"excerpt":{"rendered":"<a href=\"https:\/\/galmvs.ro\/wp\/inscriere-smis-316170\/\" style=\"background-image: url(https:\/\/static.xx.fbcdn.net\/images\/emoji.php\/v9\/tc6\/1\/16\/1f680.png);\" class=\"thumb_crop\">https:\/\/static.xx.fbcdn.net\/images\/emoji.php\/v9\/tc6\/1\/16\/1f680.png<\/a><p>Particip\u0103 \u0219i Contribuie la Viitorul T\u0103u! Visezi s\u0103 \u00ee\u021bi transformi ideea de afacere \u00een realitate? Ai ocazia s\u0103 beneficiezi de finan\u021bare \u0219i suport pentru dezvoltarea afacerii tale ! Suntem \u00een c\u0103utarea celor mai bune idei de afaceri \u0219i te invit\u0103m &hellip;<\/p>\n<div class=\"read_more\"><a href=\"https:\/\/galmvs.ro\/wp\/inscriere-smis-316170\/\">read more<\/a><\/div>\n","protected":false},"author":1,"featured_media":0,"parent":0,"menu_order":0,"comment_status":"closed","ping_status":"closed","template":"","meta":[],"_links":{"self":[{"href":"https:\/\/galmvs.ro\/wp\/wp-json\/wp\/v2\/pages\/4887"}],"collection":[{"href":"https:\/\/galmvs.ro\/wp\/wp-json\/wp\/v2\/pages"}],"about":[{"href":"https:\/\/galmvs.ro\/wp\/wp-json\/wp\/v2\/types\/page"}],"author":[{"embeddable":true,"href":"https:\/\/galmvs.ro\/wp\/wp-json\/wp\/v2\/users\/1"}],"replies":[{"embeddable":true,"href":"https:\/\/galmvs.ro\/wp\/wp-json\/wp\/v2\/comments?post=4887"}],"version-history":[{"count":6,"href":"https:\/\/galmvs.ro\/wp\/wp-json\/wp\/v2\/pages\/4887\/revisions"}],"predecessor-version":[{"id":5312,"href":"https:\/\/galmvs.ro\/wp\/wp-json\/wp\/v2\/pages\/4887\/revisions\/5312"}],"wp:attachment":[{"href":"https:\/\/galmvs.ro\/wp\/wp-json\/wp\/v2\/media?parent=4887"}],"curies":[{"name":"wp","href":"https:\/\/api.w.org\/{rel}","templated":true}]}}