{"id":1974,"date":"2017-03-22T07:20:15","date_gmt":"2017-03-22T07:20:15","guid":{"rendered":"http:\/\/galmvs.ro\/wp\/?page_id=1974"},"modified":"2017-03-22T07:23:40","modified_gmt":"2017-03-22T07:23:40","slug":"masura-313-2","status":"publish","type":"page","link":"https:\/\/galmvs.ro\/wp\/masura-313-2\/","title":{"rendered":"Masura 313 (2007-2013)"},"content":{"rendered":"<p><b>\u201c<\/b><b>Dezvoltarea turismului rural\u00a0<\/b><b>\u015f<\/b><b>i agroturismului<i>\u201d<\/i><\/b><\/p>\n<p>Turismul rural, cu subcomponenta sa agroturismul un sub-sector cu poten\u0163ial deosebit de dezvoltare, reprezint\u0103 o alternativ\u0103 ocupa\u0163ional\u0103 pentru for\u0163a de munc\u0103 din MVS, o modalitate de diversificare a activit\u0103\u0163ilor economice din mediul rural \u015fi un factor de stabilizare a popula\u0163iei rurale. Dezvoltarea acestuia poate contribui la atenuarea dezechilibrelor aparute \u00een MVS, constituind \u015fi o surs\u0103 de cre\u015ftere a veniturilor popula\u0163iei rurale, mai aleas \u00een zonele cu poten\u0163ial. Peisajul natural, (Mun\u0163ii F\u0103g\u0103ra\u015f, r\u00e2ul Olt, zona colinar\u0103 etc), ofer\u0103 posibilit\u0103\u0163i excelente pentru practicarea turismului rural, aspect ce permite recreerea \u00een decorul mediului rural, experimentarea unor activit\u0103\u0163i inedite, participarea la diverse evenimente locale reprezentative sau vizitarea unor puncte de atrac\u0163ie.<\/p>\n<p><b>Obiective ale m\u0103surii:<\/b><i><\/i><\/p>\n<p><b><i>a)\u00a0\u00a0\u00a0\u00a0\u00a0<\/i><\/b><b><i>obiective generale:<\/i><\/b><\/p>\n<p>&#8211;\u00a0\u00a0\u00a0\u00a0\u00a0\u00a0\u00a0\u00a0\u00a0\u00a0<i>dezvoltarea activit\u0103\u0163ilor turistice \u00een MVS care s\u0103 contribuie la cre\u015fterea num\u0103rului de locuri de munc\u0103 \u015fi a veniturilor alternative, precum \u015fi la cre\u015fterea atractivit\u0103\u0163ii spa\u0163iului rural MVS<\/i><i>;<\/i><\/p>\n<p><b><i>b)\u00a0\u00a0\u00a0\u00a0\u00a0<\/i><\/b><b><i>obiective specifice:<\/i><\/b><i><\/i><\/p>\n<p>&#8211;\u00a0\u00a0\u00a0\u00a0\u00a0\u00a0\u00a0<i>crearea \u015fi men\u0163inerea locurilor de munc\u0103 prin activit\u0103\u0163i de turism, \u00een special pentru (tineri \u015fi femei)<\/i><\/p>\n<p>&#8211;\u00a0\u00a0\u00a0\u00a0\u00a0\u00a0\u00a0<i>cre\u015fterea valorii ad\u0103ugate \u00een activit\u0103\u0163i de turism;<\/i><\/p>\n<p>&#8211;\u00a0\u00a0\u00a0\u00a0\u00a0\u00a0\u00a0<i>crearea, \u00eembun\u0103t\u0103\u0163irea \u015fi diversificarea infrastructurii \u015fi serviciilor turistice;<\/i><\/p>\n<p>&#8211;\u00a0\u00a0\u00a0\u00a0\u00a0\u00a0\u00a0<i>cre\u015fterea num\u0103rului de turi\u015fti \u015fi a duratei vizitelor<\/i><i>;<\/i><\/p>\n<p><b><i>c)\u00a0\u00a0\u00a0<\/i><\/b><b><i>obiective operationale:<\/i><\/b><i><\/i><\/p>\n<p>&#8211;\u00a0\u00a0\u00a0\u00a0\u00a0\u00a0\u00a0\u00a0\u00a0\u00a0<i>cresterea \u015fi \u00eembun\u0103t\u0103\u0163irea structurilor de primire turistic\u0103 la scar\u0103 mic\u0103;<\/i><\/p>\n<p>&#8211;\u00a0\u00a0\u00a0\u00a0\u00a0\u00a0\u00a0\u00a0\u00a0\u00a0<i>crearea facilit\u0103\u0163ilor recrea\u0163ionale \u00een vederea asigur\u0103rii accesului la zonele naturale de interes turistic.<\/i><i><\/i><\/p>\n<p><b>Criteriile de selec\u0163ie specifice m\u0103surii 313 pentru aceast\u0103 sesiune sunt criteriile prezentate \u00een fi\u015fa m\u0103surii \u2013 criterii specifice GAL \u2013 Microregiunea Valea S\u00e2mbetei.<\/b><\/p>\n<p><b>Aten\u0163ie!!! Criteriile de selec\u0163ie din Ghid nu sunt valabile \u00een cazul proiectelor depuse pe GAL.<\/b><\/p>\n<p><a href=\"http:\/\/galmvs.ro\/wp\/wp-content\/uploads\/2014\/03\/313-propusa.pdf\">Fisa masurii 313 actualizata<\/a><\/p>\n<p><strong>\u00a0<a href=\"http:\/\/galmvs.ro\/wp\/wp-content\/uploads\/2013\/05\/F.M.-313.pdf\">\u00ab<\/a><a href=\"http:\/\/galmvs.ro\/wp\/wp-content\/uploads\/2013\/08\/Fisa-masurii-413.313-Turism-site.pdf\">Fisa masurii 313 aici<\/a><strong><a href=\"http:\/\/www.apdrp.ro\/content.aspx?item=2003&amp;lang=RO\">\u00bb<\/a><\/strong><\/strong><\/p>\n<p><strong><a href=\"http:\/\/www.apdrp.ro\/content.aspx?item=1972&amp;lang=RO\">\u00abGhidul m\u0103surii 313 aici<strong><\/strong><\/a><strong><a href=\"http:\/\/www.apdrp.ro\/content.aspx?item=2003&amp;lang=RO\">\u00bb<\/a><\/strong><\/strong><\/p>\n","protected":false},"excerpt":{"rendered":"<p>\u201cDezvoltarea turismului rural\u00a0\u015fi agroturismului\u201d Turismul rural, cu subcomponenta sa agroturismul un sub-sector cu poten\u0163ial deosebit de dezvoltare, reprezint\u0103 o alternativ\u0103 ocupa\u0163ional\u0103 pentru for\u0163a de munc\u0103 din MVS, o modalitate de diversificare a activit\u0103\u0163ilor economice din mediul rural \u015fi un factor &hellip;<\/p>\n<div class=\"read_more\"><a href=\"https:\/\/galmvs.ro\/wp\/masura-313-2\/\">read more<\/a><\/div>\n","protected":false},"author":1,"featured_media":0,"parent":0,"menu_order":0,"comment_status":"closed","ping_status":"closed","template":"","meta":[],"_links":{"self":[{"href":"https:\/\/galmvs.ro\/wp\/wp-json\/wp\/v2\/pages\/1974"}],"collection":[{"href":"https:\/\/galmvs.ro\/wp\/wp-json\/wp\/v2\/pages"}],"about":[{"href":"https:\/\/galmvs.ro\/wp\/wp-json\/wp\/v2\/types\/page"}],"author":[{"embeddable":true,"href":"https:\/\/galmvs.ro\/wp\/wp-json\/wp\/v2\/users\/1"}],"replies":[{"embeddable":true,"href":"https:\/\/galmvs.ro\/wp\/wp-json\/wp\/v2\/comments?post=1974"}],"version-history":[{"count":2,"href":"https:\/\/galmvs.ro\/wp\/wp-json\/wp\/v2\/pages\/1974\/revisions"}],"predecessor-version":[{"id":1984,"href":"https:\/\/galmvs.ro\/wp\/wp-json\/wp\/v2\/pages\/1974\/revisions\/1984"}],"wp:attachment":[{"href":"https:\/\/galmvs.ro\/wp\/wp-json\/wp\/v2\/media?parent=1974"}],"curies":[{"name":"wp","href":"https:\/\/api.w.org\/{rel}","templated":true}]}}