{"id":1972,"date":"2017-03-22T07:20:02","date_gmt":"2017-03-22T07:20:02","guid":{"rendered":"http:\/\/galmvs.ro\/wp\/?page_id=1972"},"modified":"2017-03-22T07:23:04","modified_gmt":"2017-03-22T07:23:04","slug":"masura-312-2","status":"publish","type":"page","link":"https:\/\/galmvs.ro\/wp\/masura-312-2\/","title":{"rendered":"Masura 312 (2007-2013)"},"content":{"rendered":"<p><b>\u201c<\/b><b><i>Sprijin pentru crearea \u015fi dezvoltarea de micro-\u00eentreprinderi<\/i><\/b><b><i>\u201d<\/i><\/b><\/p>\n<p>Av\u00e2nd \u00een vedere situa\u0163ia actual\u0103 e necesar un sprijin sus\u0163inut pentru promovarea activit\u0103\u0163ilor non-agricole, care s\u0103 conduc\u0103 la cre\u015fterea veniturilor popula\u0163iei rurale, creare de locuri de munc\u0103, diminuarea disparit\u0103\u0163ilor dintre rural \u015fi urban. Astfel, este necesara promovarea diversific\u0103rii activit\u0103\u0163ilor prin asimilarea de noi competen\u0163e antreprenoriale, dob\u00e2ndirea de noi abilit\u0103\u0163i \u015fi furnizarea de noi servicii pentru popula\u0163ia rural\u0103. Ace\u015fti factori vor contribui la cre\u015fterea economic\u0103 \u015fi implicit la schimbarea mentalit\u0103\u0163ii \u015fi la cre\u015fterea standardului de via\u0163\u0103 \u00een mediul rural, precum \u015fi la stabilitatea echilibrului teritorial, social \u015fi economic.<\/p>\n<p><b>Obiective ale m\u0103surii:<\/b><i><\/i><\/p>\n<p><i>a)\u00a0\u00a0\u00a0\u00a0\u00a0<\/i><b><i>obiective generale<\/i><\/b><i>:<\/i><\/p>\n<p>&#8211;\u00a0\u00a0\u00a0\u00a0<i>dezvoltarea durabil\u0103 a economiei rurale prin \u00eencurajarea activit\u0103\u0163ilor non-agricole, \u00een scopul cre\u015fterii num\u0103rului de locuri de munc\u0103 \u015fi a veniturilor adi\u0163ionale;<\/i><\/p>\n<p><i>b)\u00a0\u00a0\u00a0\u00a0\u00a0<\/i><b><i>obiective specifice<\/i><\/b><i>:<\/i><\/p>\n<p>&#8211;\u00a0\u00a0\u00a0\u00a0<i>cre\u015fterea sprijinului financiar pentru stimularea spiritului antreprenorial \u015fi diversificarea activit\u0103\u0163ii \u015fi cresterea veniturilor<\/i><i>;<\/i><\/p>\n<p>&#8211;\u00a0\u00a0\u00a0\u00a0<i>crearea \u015fi men\u0163inerea locurilor de munc\u0103 \u00een spa\u0163iul rural;<\/i><\/p>\n<p>&#8211;\u00a0\u00a0\u00a0\u00a0<i>cre\u015fterea valorii ad\u0103ugate \u00een activit\u0103\u0163i non-agricole, crearea \u015fi diversificarea serviciilor pentru popula\u0163ia rural\u0103 prestate de c\u0103tre micro-\u00eentreprinderi<\/i>;<\/p>\n<p><i>c)\u00a0\u00a0\u00a0\u00a0\u00a0\u00a0<\/i><b><i>obiective opera\u0163ionale<\/i><\/b><i>:<\/i><\/p>\n<p>&#8211;\u00a0\u00a0\u00a0\u00a0<i>crearea de micro-\u00eentreprinderi precum \u015fi dezvoltarea celor existente \u00een sectorul non-agricol \u00een special de c\u0103tre tineri \u015fi femei;<\/i><\/p>\n<p>&#8211;\u00a0\u00a0\u00a0\u00a0<i>\u00a0incurajarea activit\u0103\u0163ilor me\u015fte\u015fug\u0103re\u015fti \u015fi a altor activit\u0103\u0163i tradi\u0163ionale;<\/i><\/p>\n<p>&#8211;\u00a0\u00a0\u00a0\u00a0<i>reducerea gradului de dependen\u0163\u0103 fa\u0163\u0103 de agricultur\u0103.<\/i><\/p>\n<p>&nbsp;<\/p>\n<p><b>Criteriile de selec\u0163ie specifice m\u0103surii 312 pentru aceast\u0103 sesiune sunt criteriile prezentate \u00een fi\u015fa m\u0103surii \u2013 criterii specifice GAL \u2013 Microregiunea Valea S\u00e2mbetei.<\/b><\/p>\n<p><b>Aten\u0163ie!!! Criteriile de selec\u0163ie din Ghid nu sunt valabile \u00een cazul proiectelor depuse pe GAL.<\/b><\/p>\n<p><a href=\"http:\/\/galmvs.ro\/wp\/wp-content\/uploads\/2014\/03\/312-propusa.pdf\">Fisa masuri 312 actualizata\u00a0<\/a><\/p>\n<p><strong><a href=\"http:\/\/galmvs.ro\/wp\/wp-content\/uploads\/2013\/09\/Fisa-masurii-41.312.pdf\">&lt;&lt;Fisa masurii 41.312 aici&gt;&gt;<\/a><\/strong><\/p>\n<p><strong><a href=\"http:\/\/www.apdrp.ro\/content.aspx?item=1972&amp;lang=RO\">\u00abGhidul m\u0103surii 312 aici<strong><\/strong><\/a><strong><a href=\"http:\/\/www.apdrp.ro\/content.aspx?item=2003&amp;lang=RO\">\u00bb<\/a><\/strong><\/strong><\/p>\n","protected":false},"excerpt":{"rendered":"<p>\u201cSprijin pentru crearea \u015fi dezvoltarea de micro-\u00eentreprinderi\u201d Av\u00e2nd \u00een vedere situa\u0163ia actual\u0103 e necesar un sprijin sus\u0163inut pentru promovarea activit\u0103\u0163ilor non-agricole, care s\u0103 conduc\u0103 la cre\u015fterea veniturilor popula\u0163iei rurale, creare de locuri de munc\u0103, diminuarea disparit\u0103\u0163ilor dintre rural \u015fi urban. &hellip;<\/p>\n<div class=\"read_more\"><a href=\"https:\/\/galmvs.ro\/wp\/masura-312-2\/\">read more<\/a><\/div>\n","protected":false},"author":1,"featured_media":0,"parent":0,"menu_order":0,"comment_status":"closed","ping_status":"closed","template":"","meta":[],"_links":{"self":[{"href":"https:\/\/galmvs.ro\/wp\/wp-json\/wp\/v2\/pages\/1972"}],"collection":[{"href":"https:\/\/galmvs.ro\/wp\/wp-json\/wp\/v2\/pages"}],"about":[{"href":"https:\/\/galmvs.ro\/wp\/wp-json\/wp\/v2\/types\/page"}],"author":[{"embeddable":true,"href":"https:\/\/galmvs.ro\/wp\/wp-json\/wp\/v2\/users\/1"}],"replies":[{"embeddable":true,"href":"https:\/\/galmvs.ro\/wp\/wp-json\/wp\/v2\/comments?post=1972"}],"version-history":[{"count":2,"href":"https:\/\/galmvs.ro\/wp\/wp-json\/wp\/v2\/pages\/1972\/revisions"}],"predecessor-version":[{"id":1983,"href":"https:\/\/galmvs.ro\/wp\/wp-json\/wp\/v2\/pages\/1972\/revisions\/1983"}],"wp:attachment":[{"href":"https:\/\/galmvs.ro\/wp\/wp-json\/wp\/v2\/media?parent=1972"}],"curies":[{"name":"wp","href":"https:\/\/api.w.org\/{rel}","templated":true}]}}