{"id":1968,"date":"2017-03-22T07:17:17","date_gmt":"2017-03-22T07:17:17","guid":{"rendered":"http:\/\/galmvs.ro\/wp\/?page_id=1968"},"modified":"2017-03-22T07:22:07","modified_gmt":"2017-03-22T07:22:07","slug":"masura-111-2","status":"publish","type":"page","link":"https:\/\/galmvs.ro\/wp\/masura-111-2\/","title":{"rendered":"M\u0103sura 111 (2007-2013)"},"content":{"rendered":"<p><b>&#8222;Formare profesionala, informare si furnizare de cunostinte&#8221;<\/b><\/p>\n<p>Necesitatea activitatilor de formare profesionala apare \u00een contextul legat de cresterea competitivitatii si diversificarii produselor si activitatilor din agricultura si silvicultura, de restructurarea si modernizarea sectoarelor agricol si forestier, a sectoarelor de procesare si comercializare pentru produsele agricole si forestiere, de \u00eencurajarea afacerilor orientate spre piata, a cerintelor pentru o gama larga de aptitudini economice si de management c\u00e2t si de \u00eendeplinirea obiectivului\u00a0<b>gestionarii durabile a terenurilor si protectiei mediului, aplicarea de tehnologii si practici prietenoase mediului si de utilizare a energiei regenerabile.<\/b><\/p>\n<p><a href=\"http:\/\/galmvs.ro\/wp\/wp-content\/uploads\/2014\/03\/111-propusa.pdf\">Fisa masurii 41.111 actualizata\u00a0<\/a><\/p>\n<p><strong><a href=\"http:\/\/galmvs.ro\/wp\/wp-content\/uploads\/2013\/10\/Fisa-Masurii-111.pdf\">&lt;&lt;Fisa Masurii 111 poate fi consultat\u0103 aici&gt;&gt;<\/a><\/strong><\/p>\n<p><strong><a href=\"http:\/\/galmvs.ro\/wp\/wp-content\/uploads\/2013\/11\/ghid-111-final.pdf\">&lt;&lt;Ghidul Solicitantului Masura 111 &gt;&gt;<\/a><\/strong><\/p>\n<p><strong><a href=\"http:\/\/galmvs.ro\/wp\/wp-content\/uploads\/2013\/11\/Formular-E-1.1.doc\">Formularul pentru cerere de finantare a Masurii 111 poate fi descarcat aici<\/a><\/strong><\/p>\n","protected":false},"excerpt":{"rendered":"<p>&#8222;Formare profesionala, informare si furnizare de cunostinte&#8221; Necesitatea activitatilor de formare profesionala apare \u00een contextul legat de cresterea competitivitatii si diversificarii produselor si activitatilor din agricultura si silvicultura, de restructurarea si modernizarea sectoarelor agricol si forestier, a sectoarelor de procesare &hellip;<\/p>\n<div class=\"read_more\"><a href=\"https:\/\/galmvs.ro\/wp\/masura-111-2\/\">read more<\/a><\/div>\n","protected":false},"author":1,"featured_media":0,"parent":0,"menu_order":0,"comment_status":"closed","ping_status":"closed","template":"","meta":[],"_links":{"self":[{"href":"https:\/\/galmvs.ro\/wp\/wp-json\/wp\/v2\/pages\/1968"}],"collection":[{"href":"https:\/\/galmvs.ro\/wp\/wp-json\/wp\/v2\/pages"}],"about":[{"href":"https:\/\/galmvs.ro\/wp\/wp-json\/wp\/v2\/types\/page"}],"author":[{"embeddable":true,"href":"https:\/\/galmvs.ro\/wp\/wp-json\/wp\/v2\/users\/1"}],"replies":[{"embeddable":true,"href":"https:\/\/galmvs.ro\/wp\/wp-json\/wp\/v2\/comments?post=1968"}],"version-history":[{"count":2,"href":"https:\/\/galmvs.ro\/wp\/wp-json\/wp\/v2\/pages\/1968\/revisions"}],"predecessor-version":[{"id":1982,"href":"https:\/\/galmvs.ro\/wp\/wp-json\/wp\/v2\/pages\/1968\/revisions\/1982"}],"wp:attachment":[{"href":"https:\/\/galmvs.ro\/wp\/wp-json\/wp\/v2\/media?parent=1968"}],"curies":[{"name":"wp","href":"https:\/\/api.w.org\/{rel}","templated":true}]}}